{"id":7,"date":"2005-03-10T11:19:19","date_gmt":"2005-03-10T10:19:19","guid":{"rendered":"http:\/\/www.alcei.org\/?page_id=7"},"modified":"2017-12-18T08:45:31","modified_gmt":"2017-12-18T07:45:31","slug":"come-iscriversi","status":"publish","type":"page","link":"https:\/\/www.alcei.it\/?page_id=7","title":{"rendered":"Per iscriversi"},"content":{"rendered":"<p><strong>Come ci si iscrive ad ALCEI?<\/strong><br \/>\nIl modo pi\u00d9 semplice \u00e8 compilare il <a href=\"http:\/\/www.alcei.it\/?page_id=31\"><strong>modulo di iscrizione.<\/strong><\/a><\/p>\n<p>Oppure si pu\u00f2 mandare un messaggio con la richiesta di iscrizione<\/p>\n<ul>\n<li>via mail, all&#8217;indirizzo <strong>alcei@alcei.it<\/strong><\/li>\n<li>via fax, al numero <strong>02 391 95 120<\/strong><\/li>\n<\/ul>\n<p><em>N.B. &#8211; ALCEI vive soprattutto nella rete; non ha un ufficio o una &#8220;sede fisica&#8221;. Questo \u00e8 solo un indirizzo postale.<\/em><\/p>\n<p><strong>Cosa indicare nella richiesta di iscrizione:<\/strong><br \/>\nVa indicato nome, cognome, indirizzo, telefono, fax (per chi ce l&#8217;ha) e indirizzo e-mail; ed anche per favore data di nascita e professione.<\/p>\n<p>Ci fa piacere anche sapere quali sono gli interessi telematici dei nostri associati e che tipo di contributo attivo pensano di poter dare all&#8217;associazione.<\/p>\n<p><strong>Quanto costa iscriversi ad ALCEI?<\/strong><br \/>\nLa quota associativa \u00e8 di:<\/p>\n<ul>\n<li><strong>25 Euro<\/strong> per gli associati individuali (persone).<\/li>\n<li><strong>10 Euro<\/strong> per gli studenti o per chi, anche in una diversa situazione, si trova in ristrettezze economiche.<\/li>\n<li><strong>200 Euro<\/strong> per i soci sostenitori (aziende o enti).<\/li>\n<\/ul>\n<p>Sono ben accetti contributi volontari di importo superiore :-)<\/p>\n<p><strong> Come si paga la quota?<\/strong><br \/>\nSe si vuole, anche in contanti :-)<br \/>\nLa quota pu\u00f2 anche essere <strong>consegnata ad una persona gi\u00e0 iscritta<\/strong> che pu\u00f2 (se lo desidera) assumersi la responsabilit\u00e0 di versarla all&#8217;associazione.<\/p>\n<p>Chi lo desidera puo&#8217; utilizzare la <strong>carta di credito<\/strong> tramite il servizio offerto da PayPal<\/p>\n<p>&nbsp;<\/p>\n<form action=\"https:\/\/www.paypal.com\/cgi-bin\/webscr\" method=\"post\"><input name=\"cmd\" type=\"hidden\" value=\"_s-xclick\" \/><br \/>\n<input alt=\"Effettua i tuoi pagamenti con PayPal. un sistema rapido, gratuito e sicuro.\" name=\"submit\" type=\"image\" \/><br \/>\n<input name=\"encrypted\" type=\"hidden\" value=\"-----BEGIN PKCS7-----MIIHXwYJKoZIhvcNAQcEoIIHUDCCB0wCAQExggEwMIIBLAIBADCBlDCBjjELMAkGA1UEBhMCVVMxCzAJBgNVBAgTAkNBMRYwFAYDVQQHEw1Nb3VudGFpbiBWaWV3MRQwEgYDVQQKEwtQYXlQYWwgSW5jLjETMBEGA1UECxQKbGl2ZV9jZXJ0czERMA8GA1UEAxQIbGl2ZV9hcGkxHDAaBgkqhkiG9w0BCQEWDXJlQHBheXBhbC5jb20CAQAwDQYJKoZIhvcNAQEBBQAEgYAT3vqYX1\/pO782n\/v2bbeSyrzh9xbbBZ4niZxoinQbEVCvFNh0EGlOB2Ll9wm8ZlulNKc3FH7geU9JC32JPVPoLvFg18ONt4DaYnfSiuqX9gUHtMDiZyYeoHxryF89yzD2rg8\/XPRg5WvYOOE9jmqxB0hiUupoGEDm7nXSz5t4jzELMAkGBSsOAwIaBQAwgdwGCSqGSIb3DQEHATAUBggqhkiG9w0DBwQIc16C8d85BdeAgbhLykD9ETxc61fQqkpW1i0nDIxVOYGH0Yt7TAuBQh+kyaaD6iVI58uCGrliwYrI0Ir7pLLB4dpRDO34wSZLrUEwGCpyVWvcOVz1l3JdCuUMFcAYmuGn+jw4+nj5jRcJARrxNO7YbtSrrFpUXYK\/mIIpEL4zcZYhM05ip0nmcyKdbZYs9fYC+2wz7cBJEy7ZsScCp4Il4gstKgrdj4wR1zB0cNhCKuEW+qJIQw9pqPQYx0+Nw86pkBGPoIIDhzCCA4MwggLsoAMCAQICAQAwDQYJKoZIhvcNAQEFBQAwgY4xCzAJBgNVBAYTAlVTMQswCQYDVQQIEwJDQTEWMBQGA1UEBxMNTW91bnRhaW4gVmlldzEUMBIGA1UEChMLUGF5UGFsIEluYy4xEzARBgNVBAsUCmxpdmVfY2VydHMxETAPBgNVBAMUCGxpdmVfYXBpMRwwGgYJKoZIhvcNAQkBFg1yZUBwYXlwYWwuY29tMB4XDTA0MDIxMzEwMTMxNVoXDTM1MDIxMzEwMTMxNVowgY4xCzAJBgNVBAYTAlVTMQswCQYDVQQIEwJDQTEWMBQGA1UEBxMNTW91bnRhaW4gVmlldzEUMBIGA1UEChMLUGF5UGFsIEluYy4xEzARBgNVBAsUCmxpdmVfY2VydHMxETAPBgNVBAMUCGxpdmVfYXBpMRwwGgYJKoZIhvcNAQkBFg1yZUBwYXlwYWwuY29tMIGfMA0GCSqGSIb3DQEBAQUAA4GNADCBiQKBgQDBR07d\/ETMS1ycjtkpkvjXZe9k+6CieLuLsPumsJ7QC1odNz3sJiCbs2wC0nLE0uLGaEtXynIgRqIddYCHx88pb5HTXv4SZeuv0Rqq4+axW9PLAAATU8w04qqjaSXgbGLP3NmohqM6bV9kZZwZLR\/klDaQGo1u9uDb9lr4Yn+rBQIDAQABo4HuMIHrMB0GA1UdDgQWBBSWn3y7xm8XvVk\/UtcKG+wQ1mSUazCBuwYDVR0jBIGzMIGwgBSWn3y7xm8XvVk\/UtcKG+wQ1mSUa6GBlKSBkTCBjjELMAkGA1UEBhMCVVMxCzAJBgNVBAgTAkNBMRYwFAYDVQQHEw1Nb3VudGFpbiBWaWV3MRQwEgYDVQQKEwtQYXlQYWwgSW5jLjETMBEGA1UECxQKbGl2ZV9jZXJ0czERMA8GA1UEAxQIbGl2ZV9hcGkxHDAaBgkqhkiG9w0BCQEWDXJlQHBheXBhbC5jb22CAQAwDAYDVR0TBAUwAwEB\/zANBgkqhkiG9w0BAQUFAAOBgQCBXzpWmoBa5e9fo6ujionW1hUhPkOBakTr3YCDjbYfvJEiv\/2P+IobhOGJr85+XHhN0v4gUkEDI8r2\/rNk1m0GA8HKddvTjyGw\/XqXa+LSTlDYkqI8OwR8GEYj4efEtcRpRYBxV8KxAW93YDWzFGvruKnnLbDAF6VR5w\/cCMn5hzGCAZowggGWAgEBMIGUMIGOMQswCQYDVQQGEwJVUzELMAkGA1UECBMCQ0ExFjAUBgNVBAcTDU1vdW50YWluIFZpZXcxFDASBgNVBAoTC1BheVBhbCBJbmMuMRMwEQYDVQQLFApsaXZlX2NlcnRzMREwDwYDVQQDFAhsaXZlX2FwaTEcMBoGCSqGSIb3DQEJARYNcmVAcGF5cGFsLmNvbQIBADAJBgUrDgMCGgUAoF0wGAYJKoZIhvcNAQkDMQsGCSqGSIb3DQEHATAcBgkqhkiG9w0BCQUxDxcNMDUwODE4MTMwODA5WjAjBgkqhkiG9w0BCQQxFgQUq6asBZaN672Nu\/2n1I838uIxVdswDQYJKoZIhvcNAQEBBQAEgYA5YNpy\/nCZO1OTjguTHEs0oCGq4jdlnPHubzdrD8E72qJFmdeOc1ouZheZXi6SJofEOX2QOLAUwrtUU72seczl\/W1nnJNfEyqPej2WU3d6ZE4wuCJ9wdRpNlHMqHdUeh2w7oBK8rz4phqYLKhrKQ0ilnPhKReh\/KwrqjL\/nJSJ3g==-----END PKCS7-----\" \/><\/form>\n<p><em>(<strong>N.B. Le transazioni avvengono sui sistemi di PayPal e ALCEI non viene assoultamente a conoscenza del numero di carta di credito<\/strong>)<\/em><\/p>\n<p>In ogni caso, vi preghiamo di comunicarci il versamento della quota associativa inviando un messaggio a: <strong>alcei@alcei.it <\/strong>o via fax al numero <strong>02-391 95 120<\/strong>.<\/p>\n","protected":false},"excerpt":{"rendered":"<p>Come ci si iscrive ad ALCEI? Il modo pi\u00d9 semplice \u00e8 compilare il modulo di iscrizione. Oppure si pu\u00f2 mandare un messaggio con la richiesta di iscrizione via mail, all&#8217;indirizzo alcei@alcei.it via fax, al numero 02 391 95 120 N.B. &#8211; ALCEI vive soprattutto nella rete; non ha un ufficio o una &#8220;sede fisica&#8221;. Questo&hellip; <a class=\"more-link\" href=\"https:\/\/www.alcei.it\/?page_id=7\">Continue reading <span class=\"screen-reader-text\">Per iscriversi<\/span><\/a><\/p>\n","protected":false},"author":1,"featured_media":0,"parent":0,"menu_order":3,"comment_status":"closed","ping_status":"closed","template":"","meta":{"spay_email":"","footnotes":""},"jetpack_sharing_enabled":true,"_links":{"self":[{"href":"https:\/\/www.alcei.it\/index.php?rest_route=\/wp\/v2\/pages\/7"}],"collection":[{"href":"https:\/\/www.alcei.it\/index.php?rest_route=\/wp\/v2\/pages"}],"about":[{"href":"https:\/\/www.alcei.it\/index.php?rest_route=\/wp\/v2\/types\/page"}],"author":[{"embeddable":true,"href":"https:\/\/www.alcei.it\/index.php?rest_route=\/wp\/v2\/users\/1"}],"replies":[{"embeddable":true,"href":"https:\/\/www.alcei.it\/index.php?rest_route=%2Fwp%2Fv2%2Fcomments&post=7"}],"version-history":[{"count":3,"href":"https:\/\/www.alcei.it\/index.php?rest_route=\/wp\/v2\/pages\/7\/revisions"}],"predecessor-version":[{"id":288,"href":"https:\/\/www.alcei.it\/index.php?rest_route=\/wp\/v2\/pages\/7\/revisions\/288"}],"wp:attachment":[{"href":"https:\/\/www.alcei.it\/index.php?rest_route=%2Fwp%2Fv2%2Fmedia&parent=7"}],"curies":[{"name":"wp","href":"https:\/\/api.w.org\/{rel}","templated":true}]}}