{"id":6,"date":"2005-03-10T11:17:18","date_gmt":"2005-03-10T10:17:18","guid":{"rendered":"http:\/\/www.alcei.org\/?page_id=6"},"modified":"2017-12-18T08:34:53","modified_gmt":"2017-12-18T07:34:53","slug":"chi-siamo","status":"publish","type":"page","link":"https:\/\/www.alcei.it\/?page_id=6","title":{"rendered":"Chi siamo"},"content":{"rendered":"<p><strong>In estrema sintesi<\/strong><\/p>\n<p><strong>ALCEI (Electronic Frontiers Italy) <\/strong>\u00e8 la libera associazione di cittadini che ha per scopo la difesa della libert\u00e0\u00a0 di opinione, lo sviluppo culturale della comunicazione interattiva, l&#8217;affermazione dei diritti del &#8220;cittadino elettronico&#8221;.<\/p>\n<p><strong>ALCEI <\/strong>sostiene il diritto per ciascun cittadino di esprimere il proprio pensiero in completa libert\u00e0 , come di avere il controllo della sua privacy personale; e si oppone con forza a ogni tentativo di limitare questi diritti.<br \/>\n(dal comunicato di novembre 1998)<\/p>\n<p><strong><br \/>\nPer conoscerci meglio<\/strong><\/p>\n<p><a href=\"http:\/\/www.alcei.it\/?page_id=16\">Dichiarazione di Princ\u00ecpi<\/a><br \/>\nQuello che \u00e8 pi\u00f9 importante di tutto sapere: cos&#8217;\u00e8 ALCEI, che cosa vuole, cosa fa, il suo raggio d&#8217;azione e i suoi modi d&#8217;intervento e -infine- cosa ALCEI non \u00e8 e cosa non fa.<\/p>\n<p><a href=\"http:\/\/www.alcei.it\/?page_id=10\">FAQ<\/a><br \/>\nAltre cose che \u00e8 importante sapere su ALCEI.<\/p>\n<p><a href=\"http:\/\/www.alcei.it\/?page_id=11\">Perch\u00e8 &#8220;non&#8221; iscriversi ad ALCEI <\/a><br \/>\nTutti i motivi per NON iscriversi ad ALCEI&#8230;<\/p>\n<p><a href=\"http:\/\/www.alcei.it\/?page_id=13\">Coordinate ALCEI<\/a><br \/>\nTutti i nostri possibili recapiti e la nostra chiave pubblica PGP.<\/p>\n","protected":false},"excerpt":{"rendered":"<p>In estrema sintesi ALCEI (Electronic Frontiers Italy) \u00e8 la libera associazione di cittadini che ha per scopo la difesa della libert\u00e0\u00a0 di opinione, lo sviluppo culturale della comunicazione interattiva, l&#8217;affermazione dei diritti del &#8220;cittadino elettronico&#8221;. ALCEI sostiene il diritto per ciascun cittadino di esprimere il proprio pensiero in completa libert\u00e0 , come di avere il&hellip; <a class=\"more-link\" href=\"https:\/\/www.alcei.it\/?page_id=6\">Continue reading <span class=\"screen-reader-text\">Chi siamo<\/span><\/a><\/p>\n","protected":false},"author":1,"featured_media":0,"parent":0,"menu_order":0,"comment_status":"closed","ping_status":"closed","template":"","meta":{"spay_email":"","footnotes":""},"jetpack_sharing_enabled":true,"_links":{"self":[{"href":"https:\/\/www.alcei.it\/index.php?rest_route=\/wp\/v2\/pages\/6"}],"collection":[{"href":"https:\/\/www.alcei.it\/index.php?rest_route=\/wp\/v2\/pages"}],"about":[{"href":"https:\/\/www.alcei.it\/index.php?rest_route=\/wp\/v2\/types\/page"}],"author":[{"embeddable":true,"href":"https:\/\/www.alcei.it\/index.php?rest_route=\/wp\/v2\/users\/1"}],"replies":[{"embeddable":true,"href":"https:\/\/www.alcei.it\/index.php?rest_route=%2Fwp%2Fv2%2Fcomments&post=6"}],"version-history":[{"count":7,"href":"https:\/\/www.alcei.it\/index.php?rest_route=\/wp\/v2\/pages\/6\/revisions"}],"predecessor-version":[{"id":284,"href":"https:\/\/www.alcei.it\/index.php?rest_route=\/wp\/v2\/pages\/6\/revisions\/284"}],"wp:attachment":[{"href":"https:\/\/www.alcei.it\/index.php?rest_route=%2Fwp%2Fv2%2Fmedia&parent=6"}],"curies":[{"name":"wp","href":"https:\/\/api.w.org\/{rel}","templated":true}]}}