{"id":12,"date":"2005-03-10T12:42:19","date_gmt":"2005-03-10T11:42:19","guid":{"rendered":"http:\/\/www.alcei.org\/?page_id=12"},"modified":"2005-03-10T12:42:19","modified_gmt":"2005-03-10T11:42:19","slug":"storia-e-mitologia-di-alcei","status":"publish","type":"page","link":"https:\/\/www.alcei.it\/?page_id=12","title":{"rendered":"Storia e mitologia di ALCEI"},"content":{"rendered":"<p>Alcei nella storia e nella mitologia greca<\/p>\n<p>Gli Alcei storici sono tre poeti; il pi\u00f9 famoso \u00e8 quello di Mitilene.<\/p>\n<p><strong>Alceo di Mitilene<\/strong>(Lesbo), nato da famiglia aristocratica intorno  al 630 a.C. (e quindi pi\u00f9 vecchio della sua conterranea Saffo), oltre che poeta lirico fu  fortemente impegnato nelle vicende politiche della sua citt\u00e0\u00a0. Per questo suo impegno fu  costretto all&#8217;esilio a Pirra (sempre nell&#8217;isola di Lesbo) e poi in Egitto e in Tracia. Di  lui restano circa 150 frammenti.<\/p>\n<p>Questo il giudizio che ne d\u00e0\u00a0 Quintiliano:<br \/>\n&#8220;Questo poeta \u00e8 ben degno di quel plettro d&#8217;oro che gli vien dato, allorch\u00e9 acceso da un magnanimo sdegno, si scatena contro i tiranni. Egli \u00e8 anche utile  p\u00e9 costumi. Il suo stile \u00e8 ricco esatto e conciso; spesso agguaglia lo stesso Omero, ma  scende talvolta persino a scherzare coi Vezzi e con gli Amorini, e non vi riesce come n\u00e9  grandi soggetti&#8221;<\/p>\n<p>A lui si ispir\u00f2 anche Orazio che dopo aver parlato dell&#8217;ardente ed affettuosa Saffo&#8230;:<br \/>\n &#8220;E voi, Alceo, che con aureo plettro, e con tono pi\u00f9 elevato cantate le dure fatiche  della guerra e del mare, e le noie dell&#8217;esilio&#8221;<\/p>\n<p>Un altro Alceo storico fu <strong>Alceo di Messene<\/strong>, poeta vissuto tra il  III ed il II secolo a.C. Autore di giambi ed epigrammi alcuni dei quali diretti contro  Filippo V di Macedonia.<\/p>\n<p>Un <strong>terzo Alceo<\/strong> (circa IV sec. a.C.), poeta della commedia antica,  scrisse dieci commedie, ma ne restano solo pochi frammenti.<\/p>\n<p>Gli <strong>Alcei mitici<\/strong> sono molti. Anzitutto Alceo viene da alk\u00e8,  forza, ed \u00e8 uno dei nomi primitivi di Eracle.<\/p>\n<p>Si chiamano Alceo anche il nonno, un figlio, un nipote e un amico di Eracle; come molte storie della mitologia, questa \u00e8 un p\u00f2 complicata.<\/p>\n<p>Perseo (l&#8217;eroe che uccise la gorgone Medusa) salv\u00f2 dal mostro Andromeda, la spos\u00f2 e ne ebbe vari figli, tra cui Alceo. Il quale spos\u00f2 Lisidice, da cui  ebbe Anfitrione, marito di Alcmena. Zeus in una delle sue avventure assunse le sembianze  di Anfitrione e giacque con Alcmena: dalla loro unione nacque Eracle, che per ricordarne  la sua discendenza da Alceo fu detto anche Alcide. Cos\u00e0\u00ac si chiude il cerchio di discendenze ed ascendenze di Alceo con Zeus, se si ricorda che Perseo era figlio di Zeus e  di Danae.<\/p>\n<p>Eracle ebbe poi un figlio da Malide, schiava di Onfale, che chiam\u00f2 Alceo e fu il primo degli Eraclidi. Cleolao, altro figlio di Eracle, spos\u00f2 Argela figlia  di Testio. Cleolao, come tutti gli altri Eraclidi, fu scacciato dal Peloponneso e  costretto a ritirarsi a Rodi con moglie e figli; uno di questi figli si chiamava, anche  lui, Alceo e fu padre del primo re della seconda dinastia dei Lidj.<\/p>\n<p>Eracle nella spedizione contro Amico, re di Bebricia nella Misia, ebbe al suo fianco un altro Alceo, figlio di Androgeo e nipote di Minosse re di Creta. Eracle,  in riconoscenza dei suoi servigi, lo fece re di una parte della Tracia.<\/p>\n<p>Alceo si chiamava anche uno dei generali di Radamanto, al quale questo  principe diede l&#8217;isola di Paro come ricompensa per i suoi servigi. Radamanto, figlio di  Zeus e Europa, fratello di Minosse, \u00e8 uno dei giudici dell&#8217;Ade; fu lui che insegn\u00f2 ad  Eracle a tirare con l&#8217;arco.<\/p>\n<p>Fermiamoci qui&#8230; :-)<\/p>\n","protected":false},"excerpt":{"rendered":"<p>Alcei nella storia e nella mitologia greca Gli Alcei storici sono tre poeti; il pi\u00f9 famoso \u00e8 quello di Mitilene. Alceo di Mitilene(Lesbo), nato da famiglia aristocratica intorno al 630 a.C. (e quindi pi\u00f9 vecchio della sua conterranea Saffo), oltre che poeta lirico fu fortemente impegnato nelle vicende politiche della sua citt\u00e0\u00a0. Per questo suo&hellip; <a class=\"more-link\" href=\"https:\/\/www.alcei.it\/?page_id=12\">Continue reading <span class=\"screen-reader-text\">Storia e mitologia di ALCEI<\/span><\/a><\/p>\n","protected":false},"author":1,"featured_media":0,"parent":0,"menu_order":0,"comment_status":"","ping_status":"","template":"","meta":{"spay_email":"","footnotes":""},"jetpack_sharing_enabled":true,"_links":{"self":[{"href":"https:\/\/www.alcei.it\/index.php?rest_route=\/wp\/v2\/pages\/12"}],"collection":[{"href":"https:\/\/www.alcei.it\/index.php?rest_route=\/wp\/v2\/pages"}],"about":[{"href":"https:\/\/www.alcei.it\/index.php?rest_route=\/wp\/v2\/types\/page"}],"author":[{"embeddable":true,"href":"https:\/\/www.alcei.it\/index.php?rest_route=\/wp\/v2\/users\/1"}],"replies":[{"embeddable":true,"href":"https:\/\/www.alcei.it\/index.php?rest_route=%2Fwp%2Fv2%2Fcomments&post=12"}],"version-history":[{"count":0,"href":"https:\/\/www.alcei.it\/index.php?rest_route=\/wp\/v2\/pages\/12\/revisions"}],"wp:attachment":[{"href":"https:\/\/www.alcei.it\/index.php?rest_route=%2Fwp%2Fv2%2Fmedia&parent=12"}],"curies":[{"name":"wp","href":"https:\/\/api.w.org\/{rel}","templated":true}]}}