{"id":11,"date":"2005-03-10T12:35:23","date_gmt":"2005-03-10T11:35:23","guid":{"rendered":"http:\/\/www.alcei.org\/?page_id=11"},"modified":"2015-01-17T09:32:24","modified_gmt":"2015-01-17T08:32:24","slug":"faq-perche-non-iscriversi","status":"publish","type":"page","link":"https:\/\/www.alcei.it\/?page_id=11","title":{"rendered":"FAQ &#8211; Perch\u00e8 NON iscriversi"},"content":{"rendered":"<p><strong>Perch\u00e9 qualcuno dovrebbe NON iscriversi a ALCEI?<\/strong><\/p>\n<p><em>Perch\u00e9 non ce n&#8217;\u00e8 bisogno, va tutto bene e non ci sono pericoli. <\/em><br \/>\nSe la pensi cos\u00e0\u00ac&#8230; ma poi non venire a lamentarti se ti imbavagliano o se ti trovi nei guai per qualche forma di repressione.<\/p>\n<p><em>Perch\u00e9 &#8220;tanto ci pensa qualcun altro&#8221;\u009d. <\/em><br \/>\nEh gi\u00e0\u00a0&#8230; se ragionassimo tutti cos\u00e0\u00ac&#8230;<\/p>\n<p><em>Perch\u00e9 non mi voglio iscrivere a niente, non voglio una &#8220;tessera&#8221;\u009d, mi piace essere un &#8220;cane sciolto&#8221;\u009d. <\/em><br \/>\nQuasi tutti gli iscritti a ALCEI pensano pi\u00f9 o meno cos\u00e0\u00ac &#8220;\u201c ma si sono detti: per\u00f2, se nessuno si impegna mai&#8230; Comunque se ti iscrivi puoi continuare a pensare come ti pare e a esprimerti come vuoi: in ALCEI c&#8217;\u00e8 assoluta libert\u00e0\u00a0 di opinioni.<br \/>\n<em><br \/>\nPerch\u00e9 non so cos&#8217;\u00e8. <\/em><br \/>\nNon \u00e8 difficile informarsi.<br \/>\n<em><br \/>\nPerch\u00e9 non voglio far parte di una cosa che poi magari fa qualcosa su cui non sono d&#8217;accordo. <\/em><br \/>\nChi non risica, non rosica. O (come dicono in Toscana) <i>chi &#8216;un lillera, &#8216;un lallera<\/i>. Se ti iscrivi, puoi fare la tua parte per orientare le scelte dell&#8217;associazione.<\/p>\n<p><em>Perch\u00e9 dice di essere libera e non legata a questo o a quello, ma non ci credo. <\/em><br \/>\nL&#8217;Italia \u00e8 malata di &#8220;dietrologia&#8221;\u009d. Prova a informarti meglio.<\/p>\n<p><em>Perch\u00e9 \u00e8 troppo piccola, non \u00e8 abbastanza forte, non pu\u00f2 fare molto. <\/em><br \/>\nE&#8217; vero: \u00e8 piccola e ha risorse limitate. Tuttavia di cose ne ha fatte molte&#8230; E pi\u00f9 gente si iscrive, pi\u00f9 si potr\u00e0\u00a0 fare.<\/p>\n<p><em>Perch\u00e9 non c&#8217;\u00e8 niente da fare, i potenti, i politicanti, i trafficanti ci schiacceranno. Io posso sempre collegarmi in qualche posto in Finlandia e fare quello che mi pare. <\/em><br \/>\nGi\u00e0\u00a0&#8230; ma se nessuno ci prova&#8230; e chi te l&#8217;ha detto che ti lasceranno in pace in Finlandia?<\/p>\n<p><em>Perch\u00e9 sono di Forlimpopoli e non mi interessa quello che succede a Poggibonsi; sono blu o viola e per me se giallo e magenta si tolgono dai piedi si sta meglio. <\/em><br \/>\nBell&#8217;esempio di interattivit\u00e0\u00a0 e di apertura culturale&#8230;<\/p>\n<p><em>Perch\u00e9 non ho tempo. <\/em><br \/>\nE chi ha tempo? Ognuno di noi dovrebbe dare il tempo che pu\u00f2&#8230; ma anche chi si iscrive e poi non lavora d\u00e0\u00a0 un appoggio morale oltre che un pochino di soldi (purtroppo servono anche quelli).<\/p>\n<p><em>Perch\u00e9 voglio vedere prima come si muove. <\/em><br \/>\nALCEI si muove da pi\u00f9 di dieci anni, la sua identit\u00e0\u00a0 e il suo impegno sono dimostrati dai fatti. E comunque&#8230; se tutti stanno alla finestra, chi si muove?<\/p>\n<p><em>Perch\u00e9 mi occupo gi\u00e0\u00a0 di questi temi nel settore xy. <\/em><br \/>\nHmmm. Non sei forse in un settore troppo ristretto, con una prospettiva limitata?<\/p>\n<p><em>Perch\u00e9 non me ne importa un fico della libert\u00e0\u00a0, dei diritti civili e della cultura della comunicazione.<\/em><br \/>\nOttimo motivo. NON iscriverti.<\/p>\n<p><em>Perch\u00e9 a me piacerebbe manipolare ALCEI per metterla al servizio di questo o quello, ma ho paura che le altre persone iscritte non me lo lascino fare. <\/em><br \/>\nHai capito benissimo: NON iscriverti.<\/p>\n<p><em>Perch\u00e9 mi occupo di repressione e mica vengo a discutere le cose che faccio con quattro sciagurati come voi. <\/em><br \/>\nEh, gi\u00e0\u00a0&#8230;<\/p>\n<p><em>Perch\u00e9 sono una divinit\u00e0\u00a0, sono onnisciente, non mi voglio confondere col profano volgo. <\/em><br \/>\nLascia perdere&#8230; non ti troveresti bene in ALCEI.<\/p>\n<p><em>Perch\u00e9 non sono un tecnico, non ho competenze specifiche.<\/em><br \/>\nSe vieni con noi, ti accorgerai che ALCEI \u00e8 un&#8217;associazione di cittadini, di persone libere, con le pi\u00f9 varie competenze e orientamenti culturali. La diversit\u00e0\u00a0 \u00e8 una risorsa, tutte le esperienze e i punti di vista sono utili.<\/p>\n","protected":false},"excerpt":{"rendered":"<p>Perch\u00e9 qualcuno dovrebbe NON iscriversi a ALCEI? Perch\u00e9 non ce n&#8217;\u00e8 bisogno, va tutto bene e non ci sono pericoli. Se la pensi cos\u00e0\u00ac&#8230; ma poi non venire a lamentarti se ti imbavagliano o se ti trovi nei guai per qualche forma di repressione. Perch\u00e9 &#8220;tanto ci pensa qualcun altro&#8221;\u009d. Eh gi\u00e0\u00a0&#8230; se ragionassimo tutti&hellip; <a class=\"more-link\" href=\"https:\/\/www.alcei.it\/?page_id=11\">Continue reading <span class=\"screen-reader-text\">FAQ &#8211; Perch\u00e8 NON iscriversi<\/span><\/a><\/p>\n","protected":false},"author":1,"featured_media":0,"parent":0,"menu_order":2,"comment_status":"closed","ping_status":"closed","template":"","meta":{"spay_email":"","footnotes":""},"jetpack_sharing_enabled":true,"_links":{"self":[{"href":"https:\/\/www.alcei.it\/index.php?rest_route=\/wp\/v2\/pages\/11"}],"collection":[{"href":"https:\/\/www.alcei.it\/index.php?rest_route=\/wp\/v2\/pages"}],"about":[{"href":"https:\/\/www.alcei.it\/index.php?rest_route=\/wp\/v2\/types\/page"}],"author":[{"embeddable":true,"href":"https:\/\/www.alcei.it\/index.php?rest_route=\/wp\/v2\/users\/1"}],"replies":[{"embeddable":true,"href":"https:\/\/www.alcei.it\/index.php?rest_route=%2Fwp%2Fv2%2Fcomments&post=11"}],"version-history":[{"count":1,"href":"https:\/\/www.alcei.it\/index.php?rest_route=\/wp\/v2\/pages\/11\/revisions"}],"predecessor-version":[{"id":225,"href":"https:\/\/www.alcei.it\/index.php?rest_route=\/wp\/v2\/pages\/11\/revisions\/225"}],"wp:attachment":[{"href":"https:\/\/www.alcei.it\/index.php?rest_route=%2Fwp%2Fv2%2Fmedia&parent=11"}],"curies":[{"name":"wp","href":"https:\/\/api.w.org\/{rel}","templated":true}]}}